{"id":85,"date":"2024-05-17T03:35:49","date_gmt":"2024-05-17T01:35:49","guid":{"rendered":"http:\/\/localhost\/CIM\/?page_id=85"},"modified":"2024-05-17T03:35:49","modified_gmt":"2024-05-17T01:35:49","slug":"carte","status":"publish","type":"page","link":"https:\/\/cimetiere-israelite-fes.com\/?page_id=85","title":{"rendered":"Carte"},"content":{"rendered":"<div id=\"wpgmza_map\" class=\"wpgmza_map\" data-settings='{\"id\":\"1\",\"map_title\":\"Ma premi\\u00e8re carte\",\"map_width\":\"100\",\"map_height\":\"400\",\"map_start_lat\":\"34.05110057412375\",\"map_start_lng\":\"-4.993217456102247\",\"map_start_location\":\"45.950464398418106,-109.81550500000003\",\"map_start_zoom\":\"16\",\"default_marker\":\"\",\"type\":\"0\",\"alignment\":\"4\",\"directions_enabled\":\"0\",\"styling_enabled\":\"0\",\"styling_json\":\"\",\"active\":\"0\",\"kml\":\"\",\"bicycle\":\"0\",\"traffic\":\"0\",\"dbox\":\"0\",\"dbox_width\":\"\",\"listmarkers\":\"0\",\"listmarkers_advanced\":\"0\",\"filterbycat\":\"0\",\"ugm_enabled\":\"0\",\"ugm_category_enabled\":\"0\",\"fusion\":\"\",\"map_width_type\":\"%\",\"map_height_type\":\"px\",\"mass_marker_support\":\"0\",\"ugm_access\":\"0\",\"order_markers_by\":\"0\",\"order_markers_choice\":\"0\",\"show_user_location\":\"0\",\"default_to\":\"\",\"other_settings\":{\"map_type\":1,\"sl_stroke_color\":\"\",\"sl_fill_color\":\"\",\"sl_stroke_opacity\":\"\",\"sl_fill_opacity\":\"\",\"transport_layer\":false,\"action\":\"wpgmza_save_map\",\"redirect_to\":\"\\\/wp-admin\\\/admin-post.php\",\"map_id\":\"1\",\"http_referer\":\"\\\/wp-admin\\\/admin.php?page=wp-google-maps-menu&amp;amp;action=edit&amp;amp;map_id=1\",\"wpgmza_id\":\"1\",\"wpgmza_start_location\":\"34.05110057412375,-4.993217456102247\",\"wpgmza_start_zoom\":\"16\",\"store_locator_enabled\":false,\"store_locator_search_area\":\"radial\",\"wpgmza_store_locator_radius_style\":\"legacy\",\"wpgmza_store_locator_default_radius\":\"10\",\"store_locator_auto_area_max_zoom\":\"\",\"store_locator_distance\":false,\"wpgmza_store_locator_position\":false,\"store_locator_show_distance\":false,\"store_locator_category\":false,\"wpgmza_store_locator_use_their_location\":false,\"wpgmza_store_locator_bounce\":false,\"wpgmza_sl_animation\":null,\"wpgmza_store_locator_hide_before_search\":false,\"store_locator_query_string\":\"\",\"store_locator_location_placeholder\":\"\",\"store_locator_default_address\":\"\",\"store_locator_name_search\":false,\"store_locator_name_string\":\"\",\"store_locator_not_found_message\":\"\",\"wpgmza_map_align\":\"1\",\"jump_to_nearest_marker_on_initialization\":false,\"automatically_pan_to_users_location\":false,\"override_users_location_zoom_level\":false,\"override_users_location_zoom_levels\":\"\",\"show_distance_from_location\":false,\"map_max_zoom\":\"21\",\"map_min_zoom\":\"0\",\"click_open_link\":false,\"fit_maps_bounds_to_markers\":false,\"fit_maps_bounds_to_markers_after_filtering\":false,\"hide_point_of_interest\":false,\"wpgmza_zoom_on_marker_click\":false,\"wpgmza_zoom_on_marker_click_slider\":\"\",\"close_infowindow_on_map_click\":false,\"disable_lightbox_images\":false,\"use_Raw_Jpeg_Coordinates\":false,\"disable_polygon_info_windows\":false,\"enable_marker_ratings\":false,\"enable_marker_labels\":false,\"only_load_markers_within_viewport\":false,\"zoom_level_mobile_override_enabled\":false,\"zoom_level_mobile_override\":\"\",\"iw_primary_color\":\"#000000\",\"iw_accent_color\":\"#000000\",\"iw_text_color\":\"#000000\",\"wpgmza_listmarkers_by\":\"0\",\"wpgmza_marker_listing_position\":false,\"zoom_level_on_marker_listing_override\":false,\"zoom_level_on_marker_listing_click\":\"\",\"marker_listing_disable_zoom\":false,\"datatable_no_result_message\":\"\",\"remove_search_box_datables\":false,\"dataTable_pagination_style\":null,\"datatable_search_string\":\"\",\"datatable_result_start\":\"\",\"datatable_result_of\":\"\",\"datatable_result_to\":\"\",\"datatable_result_total\":\"\",\"datatable_result_show\":\"\",\"datatable_result_entries\":\"\",\"wpgmza_savemap\":\"Enregistrer la carte \\u00bb\"}}' data-map-id='1' Data-maps-engine='open-layers' data-shortcode-attributes='{\"id\":\"1\"}' style=\"display:block; overflow:auto; width:100%; height:400px; float:left;\"><\/div>\n","protected":false},"excerpt":{"rendered":"","protected":false},"author":1,"featured_media":0,"parent":0,"menu_order":0,"comment_status":"closed","ping_status":"closed","template":"","meta":{"footnotes":""},"class_list":["post-85","page","type-page","status-publish","hentry"],"yoast_head":"<!-- This site is optimized with the Yoast SEO plugin v26.3 - https:\/\/yoast.com\/wordpress\/plugins\/seo\/ -->\n<title>Carte - Cimeti\u00e8re Isra\u00e9lite de F\u00e8s<\/title>\n<meta name=\"robots\" content=\"index, follow, max-snippet:-1, max-image-preview:large, max-video-preview:-1\" \/>\n<link rel=\"canonical\" href=\"https:\/\/cimetiere-israelite-fes.com\/?page_id=85\" \/>\n<meta property=\"og:locale\" content=\"fr_FR\" \/>\n<meta property=\"og:type\" content=\"article\" \/>\n<meta property=\"og:title\" content=\"Carte - Cimeti\u00e8re Isra\u00e9lite de F\u00e8s\" \/>\n<meta property=\"og:url\" content=\"https:\/\/cimetiere-israelite-fes.com\/?page_id=85\" \/>\n<meta property=\"og:site_name\" content=\"Cimeti\u00e8re Isra\u00e9lite de F\u00e8s\" \/>\n<meta name=\"twitter:card\" content=\"summary_large_image\" \/>\n<script type=\"application\/ld+json\" class=\"yoast-schema-graph\">{\"@context\":\"https:\/\/schema.org\",\"@graph\":[{\"@type\":\"WebPage\",\"@id\":\"https:\/\/cimetiere-israelite-fes.com\/?page_id=85\",\"url\":\"https:\/\/cimetiere-israelite-fes.com\/?page_id=85\",\"name\":\"Carte - Cimeti\u00e8re Isra\u00e9lite de F\u00e8s\",\"isPartOf\":{\"@id\":\"https:\/\/cimetiere-israelite-fes.com\/#website\"},\"datePublished\":\"2024-05-17T01:35:49+00:00\",\"breadcrumb\":{\"@id\":\"https:\/\/cimetiere-israelite-fes.com\/?page_id=85#breadcrumb\"},\"inLanguage\":\"fr-FR\",\"potentialAction\":[{\"@type\":\"ReadAction\",\"target\":[\"https:\/\/cimetiere-israelite-fes.com\/?page_id=85\"]}]},{\"@type\":\"BreadcrumbList\",\"@id\":\"https:\/\/cimetiere-israelite-fes.com\/?page_id=85#breadcrumb\",\"itemListElement\":[{\"@type\":\"ListItem\",\"position\":1,\"name\":\"Accueil\",\"item\":\"https:\/\/cimetiere-israelite-fes.com\/\"},{\"@type\":\"ListItem\",\"position\":2,\"name\":\"Carte\"}]},{\"@type\":\"WebSite\",\"@id\":\"https:\/\/cimetiere-israelite-fes.com\/#website\",\"url\":\"https:\/\/cimetiere-israelite-fes.com\/\",\"name\":\"Cimeti\u00e8re Isra\u00e9lite de F\u00e8s\",\"description\":\"\",\"publisher\":{\"@id\":\"https:\/\/cimetiere-israelite-fes.com\/#organization\"},\"potentialAction\":[{\"@type\":\"SearchAction\",\"target\":{\"@type\":\"EntryPoint\",\"urlTemplate\":\"https:\/\/cimetiere-israelite-fes.com\/?s={search_term_string}\"},\"query-input\":{\"@type\":\"PropertyValueSpecification\",\"valueRequired\":true,\"valueName\":\"search_term_string\"}}],\"inLanguage\":\"fr-FR\"},{\"@type\":\"Organization\",\"@id\":\"https:\/\/cimetiere-israelite-fes.com\/#organization\",\"name\":\"Cimeti\u00e8re Isra\u00e9lite de F\u00e8s\",\"url\":\"https:\/\/cimetiere-israelite-fes.com\/\",\"logo\":{\"@type\":\"ImageObject\",\"inLanguage\":\"fr-FR\",\"@id\":\"https:\/\/cimetiere-israelite-fes.com\/#\/schema\/logo\/image\/\",\"url\":\"https:\/\/cimetiere-israelite-fes.com\/wp-content\/uploads\/2024\/07\/photo_cim_2023.jpg\",\"contentUrl\":\"https:\/\/cimetiere-israelite-fes.com\/wp-content\/uploads\/2024\/07\/photo_cim_2023.jpg\",\"width\":1280,\"height\":721,\"caption\":\"Cimeti\u00e8re Isra\u00e9lite de F\u00e8s\"},\"image\":{\"@id\":\"https:\/\/cimetiere-israelite-fes.com\/#\/schema\/logo\/image\/\"}}]}<\/script>\n<!-- \/ Yoast SEO plugin. -->","yoast_head_json":{"title":"Carte - Cimeti\u00e8re Isra\u00e9lite de F\u00e8s","robots":{"index":"index","follow":"follow","max-snippet":"max-snippet:-1","max-image-preview":"max-image-preview:large","max-video-preview":"max-video-preview:-1"},"canonical":"https:\/\/cimetiere-israelite-fes.com\/?page_id=85","og_locale":"fr_FR","og_type":"article","og_title":"Carte - Cimeti\u00e8re Isra\u00e9lite de F\u00e8s","og_url":"https:\/\/cimetiere-israelite-fes.com\/?page_id=85","og_site_name":"Cimeti\u00e8re Isra\u00e9lite de F\u00e8s","twitter_card":"summary_large_image","schema":{"@context":"https:\/\/schema.org","@graph":[{"@type":"WebPage","@id":"https:\/\/cimetiere-israelite-fes.com\/?page_id=85","url":"https:\/\/cimetiere-israelite-fes.com\/?page_id=85","name":"Carte - Cimeti\u00e8re Isra\u00e9lite de F\u00e8s","isPartOf":{"@id":"https:\/\/cimetiere-israelite-fes.com\/#website"},"datePublished":"2024-05-17T01:35:49+00:00","breadcrumb":{"@id":"https:\/\/cimetiere-israelite-fes.com\/?page_id=85#breadcrumb"},"inLanguage":"fr-FR","potentialAction":[{"@type":"ReadAction","target":["https:\/\/cimetiere-israelite-fes.com\/?page_id=85"]}]},{"@type":"BreadcrumbList","@id":"https:\/\/cimetiere-israelite-fes.com\/?page_id=85#breadcrumb","itemListElement":[{"@type":"ListItem","position":1,"name":"Accueil","item":"https:\/\/cimetiere-israelite-fes.com\/"},{"@type":"ListItem","position":2,"name":"Carte"}]},{"@type":"WebSite","@id":"https:\/\/cimetiere-israelite-fes.com\/#website","url":"https:\/\/cimetiere-israelite-fes.com\/","name":"Cimeti\u00e8re Isra\u00e9lite de F\u00e8s","description":"","publisher":{"@id":"https:\/\/cimetiere-israelite-fes.com\/#organization"},"potentialAction":[{"@type":"SearchAction","target":{"@type":"EntryPoint","urlTemplate":"https:\/\/cimetiere-israelite-fes.com\/?s={search_term_string}"},"query-input":{"@type":"PropertyValueSpecification","valueRequired":true,"valueName":"search_term_string"}}],"inLanguage":"fr-FR"},{"@type":"Organization","@id":"https:\/\/cimetiere-israelite-fes.com\/#organization","name":"Cimeti\u00e8re Isra\u00e9lite de F\u00e8s","url":"https:\/\/cimetiere-israelite-fes.com\/","logo":{"@type":"ImageObject","inLanguage":"fr-FR","@id":"https:\/\/cimetiere-israelite-fes.com\/#\/schema\/logo\/image\/","url":"https:\/\/cimetiere-israelite-fes.com\/wp-content\/uploads\/2024\/07\/photo_cim_2023.jpg","contentUrl":"https:\/\/cimetiere-israelite-fes.com\/wp-content\/uploads\/2024\/07\/photo_cim_2023.jpg","width":1280,"height":721,"caption":"Cimeti\u00e8re Isra\u00e9lite de F\u00e8s"},"image":{"@id":"https:\/\/cimetiere-israelite-fes.com\/#\/schema\/logo\/image\/"}}]}},"_links":{"self":[{"href":"https:\/\/cimetiere-israelite-fes.com\/index.php?rest_route=\/wp\/v2\/pages\/85","targetHints":{"allow":["GET"]}}],"collection":[{"href":"https:\/\/cimetiere-israelite-fes.com\/index.php?rest_route=\/wp\/v2\/pages"}],"about":[{"href":"https:\/\/cimetiere-israelite-fes.com\/index.php?rest_route=\/wp\/v2\/types\/page"}],"author":[{"embeddable":true,"href":"https:\/\/cimetiere-israelite-fes.com\/index.php?rest_route=\/wp\/v2\/users\/1"}],"replies":[{"embeddable":true,"href":"https:\/\/cimetiere-israelite-fes.com\/index.php?rest_route=%2Fwp%2Fv2%2Fcomments&post=85"}],"version-history":[{"count":0,"href":"https:\/\/cimetiere-israelite-fes.com\/index.php?rest_route=\/wp\/v2\/pages\/85\/revisions"}],"wp:attachment":[{"href":"https:\/\/cimetiere-israelite-fes.com\/index.php?rest_route=%2Fwp%2Fv2%2Fmedia&parent=85"}],"curies":[{"name":"wp","href":"https:\/\/api.w.org\/{rel}","templated":true}]}}