{"id":37,"date":"2024-05-17T01:02:09","date_gmt":"2024-05-16T23:02:09","guid":{"rendered":"http:\/\/localhost\/CIM\/?page_id=30"},"modified":"2024-07-18T13:49:05","modified_gmt":"2024-07-18T11:49:05","slug":"galerie-photo","status":"publish","type":"page","link":"https:\/\/cimetiere-israelite-fes.com\/","title":{"rendered":"Galerie photos"},"content":{"rendered":"\n<figure class=\"wp-block-gallery has-nested-images columns-default is-cropped wp-block-gallery-1 is-layout-flex wp-block-gallery-is-layout-flex\">\n<figure class=\"wp-block-image size-large\"><img loading=\"lazy\" decoding=\"async\" width=\"1024\" height=\"577\" data-id=\"20\" src=\"https:\/\/cimetiere-israelite-fes.com\/wp-content\/uploads\/2024\/07\/4de3d115-e45e-4a4c-a48e-56e2a05de70c45499-1024x577.jpg\" alt=\"\" class=\"wp-image-20\" srcset=\"https:\/\/cimetiere-israelite-fes.com\/wp-content\/uploads\/2024\/07\/4de3d115-e45e-4a4c-a48e-56e2a05de70c45499-1024x577.jpg 1024w, https:\/\/cimetiere-israelite-fes.com\/wp-content\/uploads\/2024\/07\/4de3d115-e45e-4a4c-a48e-56e2a05de70c45499-300x169.jpg 300w, https:\/\/cimetiere-israelite-fes.com\/wp-content\/uploads\/2024\/07\/4de3d115-e45e-4a4c-a48e-56e2a05de70c45499-768x433.jpg 768w, https:\/\/cimetiere-israelite-fes.com\/wp-content\/uploads\/2024\/07\/4de3d115-e45e-4a4c-a48e-56e2a05de70c45499.jpg 1280w\" sizes=\"auto, (max-width: 1024px) 100vw, 1024px\" \/><\/figure>\n<\/figure>\n\n\n\n<figure class=\"wp-block-gallery has-nested-images columns-default is-cropped wp-block-gallery-2 is-layout-flex wp-block-gallery-is-layout-flex\">\n<figure class=\"wp-block-image size-large\"><img loading=\"lazy\" decoding=\"async\" width=\"1024\" height=\"577\" data-id=\"20\" src=\"https:\/\/cimetiere-israelite-fes.com\/wp-content\/uploads\/2024\/07\/4de3d115-e45e-4a4c-a48e-56e2a05de70c45499-1024x577.jpg\" alt=\"\" class=\"wp-image-20\" srcset=\"https:\/\/cimetiere-israelite-fes.com\/wp-content\/uploads\/2024\/07\/4de3d115-e45e-4a4c-a48e-56e2a05de70c45499-1024x577.jpg 1024w, https:\/\/cimetiere-israelite-fes.com\/wp-content\/uploads\/2024\/07\/4de3d115-e45e-4a4c-a48e-56e2a05de70c45499-300x169.jpg 300w, https:\/\/cimetiere-israelite-fes.com\/wp-content\/uploads\/2024\/07\/4de3d115-e45e-4a4c-a48e-56e2a05de70c45499-768x433.jpg 768w, https:\/\/cimetiere-israelite-fes.com\/wp-content\/uploads\/2024\/07\/4de3d115-e45e-4a4c-a48e-56e2a05de70c45499.jpg 1280w\" sizes=\"auto, (max-width: 1024px) 100vw, 1024px\" \/><\/figure>\n\n\n\n<figure class=\"wp-block-image size-large\"><img loading=\"lazy\" decoding=\"async\" width=\"1024\" height=\"577\" data-id=\"21\" src=\"https:\/\/cimetiere-israelite-fes.com\/wp-content\/uploads\/2024\/07\/4fcebe42-9c5a-4f8e-8b24-c89307243ccc-1024x577.jpg\" alt=\"\" class=\"wp-image-21\" srcset=\"https:\/\/cimetiere-israelite-fes.com\/wp-content\/uploads\/2024\/07\/4fcebe42-9c5a-4f8e-8b24-c89307243ccc-1024x577.jpg 1024w, https:\/\/cimetiere-israelite-fes.com\/wp-content\/uploads\/2024\/07\/4fcebe42-9c5a-4f8e-8b24-c89307243ccc-300x169.jpg 300w, https:\/\/cimetiere-israelite-fes.com\/wp-content\/uploads\/2024\/07\/4fcebe42-9c5a-4f8e-8b24-c89307243ccc-768x433.jpg 768w, https:\/\/cimetiere-israelite-fes.com\/wp-content\/uploads\/2024\/07\/4fcebe42-9c5a-4f8e-8b24-c89307243ccc.jpg 1280w\" sizes=\"auto, (max-width: 1024px) 100vw, 1024px\" \/><\/figure>\n\n\n\n<figure class=\"wp-block-image size-large\"><img loading=\"lazy\" decoding=\"async\" width=\"1024\" height=\"577\" data-id=\"22\" src=\"https:\/\/cimetiere-israelite-fes.com\/wp-content\/uploads\/2024\/07\/5dbba45e-b7aa-4c16-ac79-63160e0c69b0-1024x577.jpg\" alt=\"\" class=\"wp-image-22\" srcset=\"https:\/\/cimetiere-israelite-fes.com\/wp-content\/uploads\/2024\/07\/5dbba45e-b7aa-4c16-ac79-63160e0c69b0-1024x577.jpg 1024w, https:\/\/cimetiere-israelite-fes.com\/wp-content\/uploads\/2024\/07\/5dbba45e-b7aa-4c16-ac79-63160e0c69b0-300x169.jpg 300w, https:\/\/cimetiere-israelite-fes.com\/wp-content\/uploads\/2024\/07\/5dbba45e-b7aa-4c16-ac79-63160e0c69b0-768x433.jpg 768w, https:\/\/cimetiere-israelite-fes.com\/wp-content\/uploads\/2024\/07\/5dbba45e-b7aa-4c16-ac79-63160e0c69b0.jpg 1280w\" sizes=\"auto, (max-width: 1024px) 100vw, 1024px\" \/><\/figure>\n\n\n\n<figure class=\"wp-block-image size-large\"><img loading=\"lazy\" decoding=\"async\" width=\"1024\" height=\"576\" data-id=\"24\" src=\"https:\/\/cimetiere-israelite-fes.com\/wp-content\/uploads\/2024\/07\/7f80eeb7-1aad-4d95-b3d7-35bfa47d7b47-1024x576.jpg\" alt=\"\" class=\"wp-image-24\" srcset=\"https:\/\/cimetiere-israelite-fes.com\/wp-content\/uploads\/2024\/07\/7f80eeb7-1aad-4d95-b3d7-35bfa47d7b47-1024x576.jpg 1024w, https:\/\/cimetiere-israelite-fes.com\/wp-content\/uploads\/2024\/07\/7f80eeb7-1aad-4d95-b3d7-35bfa47d7b47-300x169.jpg 300w, https:\/\/cimetiere-israelite-fes.com\/wp-content\/uploads\/2024\/07\/7f80eeb7-1aad-4d95-b3d7-35bfa47d7b47-768x432.jpg 768w, https:\/\/cimetiere-israelite-fes.com\/wp-content\/uploads\/2024\/07\/7f80eeb7-1aad-4d95-b3d7-35bfa47d7b47.jpg 1280w\" sizes=\"auto, (max-width: 1024px) 100vw, 1024px\" \/><\/figure>\n\n\n\n<figure class=\"wp-block-image size-large\"><img loading=\"lazy\" decoding=\"async\" width=\"1024\" height=\"576\" data-id=\"25\" src=\"https:\/\/cimetiere-israelite-fes.com\/wp-content\/uploads\/2024\/07\/8e0d3987-4f65-4e45-a5f0-f53a07104b16-1024x576.jpg\" alt=\"\" class=\"wp-image-25\" srcset=\"https:\/\/cimetiere-israelite-fes.com\/wp-content\/uploads\/2024\/07\/8e0d3987-4f65-4e45-a5f0-f53a07104b16-1024x576.jpg 1024w, https:\/\/cimetiere-israelite-fes.com\/wp-content\/uploads\/2024\/07\/8e0d3987-4f65-4e45-a5f0-f53a07104b16-300x169.jpg 300w, https:\/\/cimetiere-israelite-fes.com\/wp-content\/uploads\/2024\/07\/8e0d3987-4f65-4e45-a5f0-f53a07104b16-768x432.jpg 768w, https:\/\/cimetiere-israelite-fes.com\/wp-content\/uploads\/2024\/07\/8e0d3987-4f65-4e45-a5f0-f53a07104b16.jpg 1280w\" sizes=\"auto, (max-width: 1024px) 100vw, 1024px\" \/><\/figure>\n\n\n\n<figure class=\"wp-block-image size-large\"><img loading=\"lazy\" decoding=\"async\" width=\"1024\" height=\"577\" data-id=\"27\" src=\"https:\/\/cimetiere-israelite-fes.com\/wp-content\/uploads\/2024\/07\/40d93770-d952-4944-bae5-c060a10ae4b3-1024x577.jpg\" alt=\"\" class=\"wp-image-27\" srcset=\"https:\/\/cimetiere-israelite-fes.com\/wp-content\/uploads\/2024\/07\/40d93770-d952-4944-bae5-c060a10ae4b3-1024x577.jpg 1024w, https:\/\/cimetiere-israelite-fes.com\/wp-content\/uploads\/2024\/07\/40d93770-d952-4944-bae5-c060a10ae4b3-300x169.jpg 300w, https:\/\/cimetiere-israelite-fes.com\/wp-content\/uploads\/2024\/07\/40d93770-d952-4944-bae5-c060a10ae4b3-768x433.jpg 768w, https:\/\/cimetiere-israelite-fes.com\/wp-content\/uploads\/2024\/07\/40d93770-d952-4944-bae5-c060a10ae4b3.jpg 1280w\" sizes=\"auto, (max-width: 1024px) 100vw, 1024px\" \/><\/figure>\n\n\n\n<figure class=\"wp-block-image size-large\"><img loading=\"lazy\" decoding=\"async\" width=\"1024\" height=\"576\" data-id=\"28\" src=\"https:\/\/cimetiere-israelite-fes.com\/wp-content\/uploads\/2024\/07\/864acb3c-be59-4c8c-bff4-44d346d576d5-1024x576.jpg\" alt=\"\" class=\"wp-image-28\" srcset=\"https:\/\/cimetiere-israelite-fes.com\/wp-content\/uploads\/2024\/07\/864acb3c-be59-4c8c-bff4-44d346d576d5-1024x576.jpg 1024w, https:\/\/cimetiere-israelite-fes.com\/wp-content\/uploads\/2024\/07\/864acb3c-be59-4c8c-bff4-44d346d576d5-300x169.jpg 300w, https:\/\/cimetiere-israelite-fes.com\/wp-content\/uploads\/2024\/07\/864acb3c-be59-4c8c-bff4-44d346d576d5-768x432.jpg 768w, https:\/\/cimetiere-israelite-fes.com\/wp-content\/uploads\/2024\/07\/864acb3c-be59-4c8c-bff4-44d346d576d5.jpg 1280w\" sizes=\"auto, (max-width: 1024px) 100vw, 1024px\" \/><\/figure>\n\n\n\n<figure class=\"wp-block-image size-large\"><img loading=\"lazy\" decoding=\"async\" width=\"1024\" height=\"577\" data-id=\"29\" src=\"https:\/\/cimetiere-israelite-fes.com\/wp-content\/uploads\/2024\/07\/734214f1-d203-48d7-b0f5-60b0f222d1db-1024x577.jpg\" alt=\"\" class=\"wp-image-29\" srcset=\"https:\/\/cimetiere-israelite-fes.com\/wp-content\/uploads\/2024\/07\/734214f1-d203-48d7-b0f5-60b0f222d1db-1024x577.jpg 1024w, https:\/\/cimetiere-israelite-fes.com\/wp-content\/uploads\/2024\/07\/734214f1-d203-48d7-b0f5-60b0f222d1db-300x169.jpg 300w, https:\/\/cimetiere-israelite-fes.com\/wp-content\/uploads\/2024\/07\/734214f1-d203-48d7-b0f5-60b0f222d1db-768x433.jpg 768w, https:\/\/cimetiere-israelite-fes.com\/wp-content\/uploads\/2024\/07\/734214f1-d203-48d7-b0f5-60b0f222d1db.jpg 1280w\" sizes=\"auto, (max-width: 1024px) 100vw, 1024px\" \/><\/figure>\n\n\n\n<figure class=\"wp-block-image size-large\"><img loading=\"lazy\" decoding=\"async\" width=\"1024\" height=\"577\" data-id=\"8\" src=\"https:\/\/cimetiere-israelite-fes.com\/wp-content\/uploads\/2024\/07\/a21067b8-ddec-467b-ba96-92257681cfae-1024x577.jpg\" alt=\"\" class=\"wp-image-8\" srcset=\"https:\/\/cimetiere-israelite-fes.com\/wp-content\/uploads\/2024\/07\/a21067b8-ddec-467b-ba96-92257681cfae-1024x577.jpg 1024w, https:\/\/cimetiere-israelite-fes.com\/wp-content\/uploads\/2024\/07\/a21067b8-ddec-467b-ba96-92257681cfae-300x169.jpg 300w, https:\/\/cimetiere-israelite-fes.com\/wp-content\/uploads\/2024\/07\/a21067b8-ddec-467b-ba96-92257681cfae-768x433.jpg 768w, https:\/\/cimetiere-israelite-fes.com\/wp-content\/uploads\/2024\/07\/a21067b8-ddec-467b-ba96-92257681cfae.jpg 1280w\" sizes=\"auto, (max-width: 1024px) 100vw, 1024px\" \/><\/figure>\n\n\n\n<figure class=\"wp-block-image size-large\"><img loading=\"lazy\" decoding=\"async\" width=\"768\" height=\"1024\" data-id=\"9\" src=\"https:\/\/cimetiere-israelite-fes.com\/wp-content\/uploads\/2024\/07\/aaron_sabbah_carre29-768x1024.jpg\" alt=\"\" class=\"wp-image-9\" srcset=\"https:\/\/cimetiere-israelite-fes.com\/wp-content\/uploads\/2024\/07\/aaron_sabbah_carre29-768x1024.jpg 768w, https:\/\/cimetiere-israelite-fes.com\/wp-content\/uploads\/2024\/07\/aaron_sabbah_carre29-225x300.jpg 225w, https:\/\/cimetiere-israelite-fes.com\/wp-content\/uploads\/2024\/07\/aaron_sabbah_carre29-1152x1536.jpg 1152w, https:\/\/cimetiere-israelite-fes.com\/wp-content\/uploads\/2024\/07\/aaron_sabbah_carre29.jpg 1200w\" sizes=\"auto, (max-width: 768px) 100vw, 768px\" \/><\/figure>\n\n\n\n<figure class=\"wp-block-image size-large\"><img loading=\"lazy\" decoding=\"async\" width=\"576\" height=\"1024\" data-id=\"10\" src=\"https:\/\/cimetiere-israelite-fes.com\/wp-content\/uploads\/2024\/07\/e599c593-574e-4b9e-83e3-7ffd36e3471a-576x1024.jpg\" alt=\"\" class=\"wp-image-10\" srcset=\"https:\/\/cimetiere-israelite-fes.com\/wp-content\/uploads\/2024\/07\/e599c593-574e-4b9e-83e3-7ffd36e3471a-576x1024.jpg 576w, https:\/\/cimetiere-israelite-fes.com\/wp-content\/uploads\/2024\/07\/e599c593-574e-4b9e-83e3-7ffd36e3471a-169x300.jpg 169w, https:\/\/cimetiere-israelite-fes.com\/wp-content\/uploads\/2024\/07\/e599c593-574e-4b9e-83e3-7ffd36e3471a.jpg 720w\" sizes=\"auto, (max-width: 576px) 100vw, 576px\" \/><\/figure>\n\n\n\n<figure class=\"wp-block-image size-full\"><img loading=\"lazy\" decoding=\"async\" width=\"1024\" height=\"687\" data-id=\"14\" src=\"https:\/\/cimetiere-israelite-fes.com\/wp-content\/uploads\/2024\/07\/rabbin_benatar.jpg\" alt=\"\" class=\"wp-image-14\" srcset=\"https:\/\/cimetiere-israelite-fes.com\/wp-content\/uploads\/2024\/07\/rabbin_benatar.jpg 1024w, https:\/\/cimetiere-israelite-fes.com\/wp-content\/uploads\/2024\/07\/rabbin_benatar-300x201.jpg 300w, https:\/\/cimetiere-israelite-fes.com\/wp-content\/uploads\/2024\/07\/rabbin_benatar-768x515.jpg 768w\" sizes=\"auto, (max-width: 1024px) 100vw, 1024px\" \/><\/figure>\n\n\n\n<figure class=\"wp-block-image size-large\"><img loading=\"lazy\" decoding=\"async\" width=\"1024\" height=\"577\" data-id=\"15\" src=\"https:\/\/cimetiere-israelite-fes.com\/wp-content\/uploads\/2024\/07\/rabbin_benatar_2-1024x577.jpg\" alt=\"\" class=\"wp-image-15\" srcset=\"https:\/\/cimetiere-israelite-fes.com\/wp-content\/uploads\/2024\/07\/rabbin_benatar_2-1024x577.jpg 1024w, https:\/\/cimetiere-israelite-fes.com\/wp-content\/uploads\/2024\/07\/rabbin_benatar_2-300x169.jpg 300w, https:\/\/cimetiere-israelite-fes.com\/wp-content\/uploads\/2024\/07\/rabbin_benatar_2-768x433.jpg 768w, https:\/\/cimetiere-israelite-fes.com\/wp-content\/uploads\/2024\/07\/rabbin_benatar_2.jpg 1280w\" sizes=\"auto, (max-width: 1024px) 100vw, 1024px\" \/><\/figure>\n<\/figure>\n\n\n\n<figure class=\"wp-block-gallery has-nested-images columns-default is-cropped wp-block-gallery-3 is-layout-flex wp-block-gallery-is-layout-flex\">\n<figure class=\"wp-block-image size-large\"><img loading=\"lazy\" decoding=\"async\" width=\"1024\" height=\"577\" data-id=\"15\" src=\"https:\/\/cimetiere-israelite-fes.com\/wp-content\/uploads\/2024\/07\/rabbin_benatar_2-1024x577.jpg\" alt=\"\" class=\"wp-image-15\" srcset=\"https:\/\/cimetiere-israelite-fes.com\/wp-content\/uploads\/2024\/07\/rabbin_benatar_2-1024x577.jpg 1024w, https:\/\/cimetiere-israelite-fes.com\/wp-content\/uploads\/2024\/07\/rabbin_benatar_2-300x169.jpg 300w, https:\/\/cimetiere-israelite-fes.com\/wp-content\/uploads\/2024\/07\/rabbin_benatar_2-768x433.jpg 768w, https:\/\/cimetiere-israelite-fes.com\/wp-content\/uploads\/2024\/07\/rabbin_benatar_2.jpg 1280w\" sizes=\"auto, (max-width: 1024px) 100vw, 1024px\" \/><\/figure>\n\n\n\n<figure class=\"wp-block-image size-large\"><img loading=\"lazy\" decoding=\"async\" width=\"1024\" height=\"576\" data-id=\"25\" src=\"https:\/\/cimetiere-israelite-fes.com\/wp-content\/uploads\/2024\/07\/8e0d3987-4f65-4e45-a5f0-f53a07104b16-1024x576.jpg\" alt=\"\" class=\"wp-image-25\" srcset=\"https:\/\/cimetiere-israelite-fes.com\/wp-content\/uploads\/2024\/07\/8e0d3987-4f65-4e45-a5f0-f53a07104b16-1024x576.jpg 1024w, https:\/\/cimetiere-israelite-fes.com\/wp-content\/uploads\/2024\/07\/8e0d3987-4f65-4e45-a5f0-f53a07104b16-300x169.jpg 300w, https:\/\/cimetiere-israelite-fes.com\/wp-content\/uploads\/2024\/07\/8e0d3987-4f65-4e45-a5f0-f53a07104b16-768x432.jpg 768w, https:\/\/cimetiere-israelite-fes.com\/wp-content\/uploads\/2024\/07\/8e0d3987-4f65-4e45-a5f0-f53a07104b16.jpg 1280w\" sizes=\"auto, (max-width: 1024px) 100vw, 1024px\" \/><\/figure>\n<\/figure>\n\n\n\n<figure class=\"wp-block-gallery has-nested-images columns-default is-cropped wp-block-gallery-4 is-layout-flex wp-block-gallery-is-layout-flex\">\n<figure class=\"wp-block-image size-large\"><img loading=\"lazy\" decoding=\"async\" width=\"1024\" height=\"576\" data-id=\"12\" src=\"https:\/\/cimetiere-israelite-fes.com\/wp-content\/uploads\/2024\/07\/fontaine_2-1024x576.jpg\" alt=\"\" class=\"wp-image-12\" srcset=\"https:\/\/cimetiere-israelite-fes.com\/wp-content\/uploads\/2024\/07\/fontaine_2-1024x576.jpg 1024w, https:\/\/cimetiere-israelite-fes.com\/wp-content\/uploads\/2024\/07\/fontaine_2-300x169.jpg 300w, https:\/\/cimetiere-israelite-fes.com\/wp-content\/uploads\/2024\/07\/fontaine_2-768x432.jpg 768w, https:\/\/cimetiere-israelite-fes.com\/wp-content\/uploads\/2024\/07\/fontaine_2.jpg 1280w\" sizes=\"auto, (max-width: 1024px) 100vw, 1024px\" \/><\/figure>\n<\/figure>\n\n\n\n<figure class=\"wp-block-gallery has-nested-images columns-default is-cropped wp-block-gallery-5 is-layout-flex wp-block-gallery-is-layout-flex\">\n<figure class=\"wp-block-image size-large\"><img loading=\"lazy\" decoding=\"async\" width=\"576\" height=\"1024\" data-id=\"26\" src=\"https:\/\/cimetiere-israelite-fes.com\/wp-content\/uploads\/2024\/07\/10d73dea-0479-44aa-86f9-f970b34f6b98-576x1024.jpg\" alt=\"\" class=\"wp-image-26\" srcset=\"https:\/\/cimetiere-israelite-fes.com\/wp-content\/uploads\/2024\/07\/10d73dea-0479-44aa-86f9-f970b34f6b98-576x1024.jpg 576w, https:\/\/cimetiere-israelite-fes.com\/wp-content\/uploads\/2024\/07\/10d73dea-0479-44aa-86f9-f970b34f6b98-169x300.jpg 169w, https:\/\/cimetiere-israelite-fes.com\/wp-content\/uploads\/2024\/07\/10d73dea-0479-44aa-86f9-f970b34f6b98.jpg 720w\" sizes=\"auto, (max-width: 576px) 100vw, 576px\" \/><\/figure>\n<\/figure>\n","protected":false},"excerpt":{"rendered":"","protected":false},"author":1,"featured_media":0,"parent":0,"menu_order":0,"comment_status":"closed","ping_status":"closed","template":"","meta":{"footnotes":""},"class_list":["post-37","page","type-page","status-publish","hentry"],"yoast_head":"<!-- This site is optimized with the Yoast SEO plugin v26.3 - https:\/\/yoast.com\/wordpress\/plugins\/seo\/ -->\n<title>Galerie photos - Cimeti\u00e8re Isra\u00e9lite de F\u00e8s<\/title>\n<meta name=\"robots\" content=\"index, follow, max-snippet:-1, max-image-preview:large, max-video-preview:-1\" \/>\n<link rel=\"canonical\" href=\"https:\/\/cimetiere-israelite-fes.com\/\" \/>\n<meta property=\"og:locale\" content=\"fr_FR\" \/>\n<meta property=\"og:type\" content=\"article\" \/>\n<meta property=\"og:title\" content=\"Galerie photos - Cimeti\u00e8re Isra\u00e9lite de F\u00e8s\" \/>\n<meta property=\"og:url\" content=\"https:\/\/cimetiere-israelite-fes.com\/\" \/>\n<meta property=\"og:site_name\" content=\"Cimeti\u00e8re Isra\u00e9lite de F\u00e8s\" \/>\n<meta property=\"article:modified_time\" content=\"2024-07-18T11:49:05+00:00\" \/>\n<meta property=\"og:image\" content=\"https:\/\/cimetiere-israelite-fes.com\/wp-content\/uploads\/2024\/07\/4de3d115-e45e-4a4c-a48e-56e2a05de70c45499-1024x577.jpg\" \/>\n<meta name=\"twitter:card\" content=\"summary_large_image\" \/>\n<script type=\"application\/ld+json\" class=\"yoast-schema-graph\">{\"@context\":\"https:\/\/schema.org\",\"@graph\":[{\"@type\":\"WebPage\",\"@id\":\"https:\/\/cimetiere-israelite-fes.com\/\",\"url\":\"https:\/\/cimetiere-israelite-fes.com\/\",\"name\":\"Galerie photos - Cimeti\u00e8re Isra\u00e9lite de F\u00e8s\",\"isPartOf\":{\"@id\":\"https:\/\/cimetiere-israelite-fes.com\/#website\"},\"primaryImageOfPage\":{\"@id\":\"https:\/\/cimetiere-israelite-fes.com\/#primaryimage\"},\"image\":{\"@id\":\"https:\/\/cimetiere-israelite-fes.com\/#primaryimage\"},\"thumbnailUrl\":\"https:\/\/cimetiere-israelite-fes.com\/wp-content\/uploads\/2024\/07\/4de3d115-e45e-4a4c-a48e-56e2a05de70c45499-1024x577.jpg\",\"datePublished\":\"2024-05-16T23:02:09+00:00\",\"dateModified\":\"2024-07-18T11:49:05+00:00\",\"breadcrumb\":{\"@id\":\"https:\/\/cimetiere-israelite-fes.com\/#breadcrumb\"},\"inLanguage\":\"fr-FR\",\"potentialAction\":[{\"@type\":\"ReadAction\",\"target\":[\"https:\/\/cimetiere-israelite-fes.com\/\"]}]},{\"@type\":\"ImageObject\",\"inLanguage\":\"fr-FR\",\"@id\":\"https:\/\/cimetiere-israelite-fes.com\/#primaryimage\",\"url\":\"https:\/\/cimetiere-israelite-fes.com\/wp-content\/uploads\/2024\/07\/4de3d115-e45e-4a4c-a48e-56e2a05de70c45499.jpg\",\"contentUrl\":\"https:\/\/cimetiere-israelite-fes.com\/wp-content\/uploads\/2024\/07\/4de3d115-e45e-4a4c-a48e-56e2a05de70c45499.jpg\",\"width\":1280,\"height\":721},{\"@type\":\"BreadcrumbList\",\"@id\":\"https:\/\/cimetiere-israelite-fes.com\/#breadcrumb\",\"itemListElement\":[{\"@type\":\"ListItem\",\"position\":1,\"name\":\"Accueil\",\"item\":\"https:\/\/cimetiere-israelite-fes.com\/\"},{\"@type\":\"ListItem\",\"position\":2,\"name\":\"Galerie photos\"}]},{\"@type\":\"WebSite\",\"@id\":\"https:\/\/cimetiere-israelite-fes.com\/#website\",\"url\":\"https:\/\/cimetiere-israelite-fes.com\/\",\"name\":\"Cimeti\u00e8re Isra\u00e9lite de F\u00e8s\",\"description\":\"\",\"publisher\":{\"@id\":\"https:\/\/cimetiere-israelite-fes.com\/#organization\"},\"potentialAction\":[{\"@type\":\"SearchAction\",\"target\":{\"@type\":\"EntryPoint\",\"urlTemplate\":\"https:\/\/cimetiere-israelite-fes.com\/?s={search_term_string}\"},\"query-input\":{\"@type\":\"PropertyValueSpecification\",\"valueRequired\":true,\"valueName\":\"search_term_string\"}}],\"inLanguage\":\"fr-FR\"},{\"@type\":\"Organization\",\"@id\":\"https:\/\/cimetiere-israelite-fes.com\/#organization\",\"name\":\"Cimeti\u00e8re Isra\u00e9lite de F\u00e8s\",\"url\":\"https:\/\/cimetiere-israelite-fes.com\/\",\"logo\":{\"@type\":\"ImageObject\",\"inLanguage\":\"fr-FR\",\"@id\":\"https:\/\/cimetiere-israelite-fes.com\/#\/schema\/logo\/image\/\",\"url\":\"https:\/\/cimetiere-israelite-fes.com\/wp-content\/uploads\/2024\/07\/photo_cim_2023.jpg\",\"contentUrl\":\"https:\/\/cimetiere-israelite-fes.com\/wp-content\/uploads\/2024\/07\/photo_cim_2023.jpg\",\"width\":1280,\"height\":721,\"caption\":\"Cimeti\u00e8re Isra\u00e9lite de F\u00e8s\"},\"image\":{\"@id\":\"https:\/\/cimetiere-israelite-fes.com\/#\/schema\/logo\/image\/\"}}]}<\/script>\n<!-- \/ Yoast SEO plugin. -->","yoast_head_json":{"title":"Galerie photos - Cimeti\u00e8re Isra\u00e9lite de F\u00e8s","robots":{"index":"index","follow":"follow","max-snippet":"max-snippet:-1","max-image-preview":"max-image-preview:large","max-video-preview":"max-video-preview:-1"},"canonical":"https:\/\/cimetiere-israelite-fes.com\/","og_locale":"fr_FR","og_type":"article","og_title":"Galerie photos - Cimeti\u00e8re Isra\u00e9lite de F\u00e8s","og_url":"https:\/\/cimetiere-israelite-fes.com\/","og_site_name":"Cimeti\u00e8re Isra\u00e9lite de F\u00e8s","article_modified_time":"2024-07-18T11:49:05+00:00","og_image":[{"url":"https:\/\/cimetiere-israelite-fes.com\/wp-content\/uploads\/2024\/07\/4de3d115-e45e-4a4c-a48e-56e2a05de70c45499-1024x577.jpg","type":"","width":"","height":""}],"twitter_card":"summary_large_image","schema":{"@context":"https:\/\/schema.org","@graph":[{"@type":"WebPage","@id":"https:\/\/cimetiere-israelite-fes.com\/","url":"https:\/\/cimetiere-israelite-fes.com\/","name":"Galerie photos - Cimeti\u00e8re Isra\u00e9lite de F\u00e8s","isPartOf":{"@id":"https:\/\/cimetiere-israelite-fes.com\/#website"},"primaryImageOfPage":{"@id":"https:\/\/cimetiere-israelite-fes.com\/#primaryimage"},"image":{"@id":"https:\/\/cimetiere-israelite-fes.com\/#primaryimage"},"thumbnailUrl":"https:\/\/cimetiere-israelite-fes.com\/wp-content\/uploads\/2024\/07\/4de3d115-e45e-4a4c-a48e-56e2a05de70c45499-1024x577.jpg","datePublished":"2024-05-16T23:02:09+00:00","dateModified":"2024-07-18T11:49:05+00:00","breadcrumb":{"@id":"https:\/\/cimetiere-israelite-fes.com\/#breadcrumb"},"inLanguage":"fr-FR","potentialAction":[{"@type":"ReadAction","target":["https:\/\/cimetiere-israelite-fes.com\/"]}]},{"@type":"ImageObject","inLanguage":"fr-FR","@id":"https:\/\/cimetiere-israelite-fes.com\/#primaryimage","url":"https:\/\/cimetiere-israelite-fes.com\/wp-content\/uploads\/2024\/07\/4de3d115-e45e-4a4c-a48e-56e2a05de70c45499.jpg","contentUrl":"https:\/\/cimetiere-israelite-fes.com\/wp-content\/uploads\/2024\/07\/4de3d115-e45e-4a4c-a48e-56e2a05de70c45499.jpg","width":1280,"height":721},{"@type":"BreadcrumbList","@id":"https:\/\/cimetiere-israelite-fes.com\/#breadcrumb","itemListElement":[{"@type":"ListItem","position":1,"name":"Accueil","item":"https:\/\/cimetiere-israelite-fes.com\/"},{"@type":"ListItem","position":2,"name":"Galerie photos"}]},{"@type":"WebSite","@id":"https:\/\/cimetiere-israelite-fes.com\/#website","url":"https:\/\/cimetiere-israelite-fes.com\/","name":"Cimeti\u00e8re Isra\u00e9lite de F\u00e8s","description":"","publisher":{"@id":"https:\/\/cimetiere-israelite-fes.com\/#organization"},"potentialAction":[{"@type":"SearchAction","target":{"@type":"EntryPoint","urlTemplate":"https:\/\/cimetiere-israelite-fes.com\/?s={search_term_string}"},"query-input":{"@type":"PropertyValueSpecification","valueRequired":true,"valueName":"search_term_string"}}],"inLanguage":"fr-FR"},{"@type":"Organization","@id":"https:\/\/cimetiere-israelite-fes.com\/#organization","name":"Cimeti\u00e8re Isra\u00e9lite de F\u00e8s","url":"https:\/\/cimetiere-israelite-fes.com\/","logo":{"@type":"ImageObject","inLanguage":"fr-FR","@id":"https:\/\/cimetiere-israelite-fes.com\/#\/schema\/logo\/image\/","url":"https:\/\/cimetiere-israelite-fes.com\/wp-content\/uploads\/2024\/07\/photo_cim_2023.jpg","contentUrl":"https:\/\/cimetiere-israelite-fes.com\/wp-content\/uploads\/2024\/07\/photo_cim_2023.jpg","width":1280,"height":721,"caption":"Cimeti\u00e8re Isra\u00e9lite de F\u00e8s"},"image":{"@id":"https:\/\/cimetiere-israelite-fes.com\/#\/schema\/logo\/image\/"}}]}},"_links":{"self":[{"href":"https:\/\/cimetiere-israelite-fes.com\/index.php?rest_route=\/wp\/v2\/pages\/37","targetHints":{"allow":["GET"]}}],"collection":[{"href":"https:\/\/cimetiere-israelite-fes.com\/index.php?rest_route=\/wp\/v2\/pages"}],"about":[{"href":"https:\/\/cimetiere-israelite-fes.com\/index.php?rest_route=\/wp\/v2\/types\/page"}],"author":[{"embeddable":true,"href":"https:\/\/cimetiere-israelite-fes.com\/index.php?rest_route=\/wp\/v2\/users\/1"}],"replies":[{"embeddable":true,"href":"https:\/\/cimetiere-israelite-fes.com\/index.php?rest_route=%2Fwp%2Fv2%2Fcomments&post=37"}],"version-history":[{"count":3,"href":"https:\/\/cimetiere-israelite-fes.com\/index.php?rest_route=\/wp\/v2\/pages\/37\/revisions"}],"predecessor-version":[{"id":154,"href":"https:\/\/cimetiere-israelite-fes.com\/index.php?rest_route=\/wp\/v2\/pages\/37\/revisions\/154"}],"wp:attachment":[{"href":"https:\/\/cimetiere-israelite-fes.com\/index.php?rest_route=%2Fwp%2Fv2%2Fmedia&parent=37"}],"curies":[{"name":"wp","href":"https:\/\/api.w.org\/{rel}","templated":true}]}}