{"id":36,"date":"2024-05-17T00:56:58","date_gmt":"2024-05-16T22:56:58","guid":{"rendered":"http:\/\/localhost\/CIM\/?page_id=25"},"modified":"2025-07-18T15:20:39","modified_gmt":"2025-07-18T13:20:39","slug":"hiloula","status":"publish","type":"page","link":"https:\/\/cimetiere-israelite-fes.com\/?page_id=36","title":{"rendered":"Hiloula"},"content":{"rendered":"\n<p>Le terme Hiloula est utilis\u00e9 pour d\u00e9signer le jour anniversaire du d\u00e9c\u00e8s d\u2019un Tsadik (Yartzeit).<\/p>\n\n\n\n<p>Ce jour l\u00e0, on se r\u00e9unit pour faire les louanges du Tsadik qui est d\u00e9c\u00e9d\u00e9, en effet, le livre \u00ab Chem Ari\u00e9 \u00bb rapporte que \u00ab Hiloula \u00bb est li\u00e9 au mot \u00ab Hallel \u00bb, qui signifie louange.<\/p>\n\n\n\n<p>On rappelle son Avodat Hachem (service de D.ieu), ses actions, ses midot (traits de caract\u00e8res), son amour infini pour les cr\u00e9atures de D.ieu et surtout sa proximit\u00e9 avec Hachem et ses miracles.<\/p>\n\n\n\n<p><strong>Hiloula juin 2025<\/strong><\/p>\n\n\n<p><iframe loading=\"lazy\" width=\"560\" height=\"315\" src=\"https:\/\/www.youtube.com\/embed\/t7IbbsLW0LI?si=kIjCklPUeJhDwDVE\" title=\"YouTube video player\" frameborder=\"0\" allow=\"accelerometer; autoplay; clipboard-write; encrypted-media; gyroscope; picture-in-picture; web-share\" referrerpolicy=\"strict-origin-when-cross-origin\" allowfullscreen><\/iframe><\/p>\n\n\n\n<div class=\"wp-block-group is-nowrap is-layout-flex wp-container-core-group-is-layout-ad2f72ca wp-block-group-is-layout-flex\">\n<pre class=\"wp-block-code\"><code><\/code><\/pre>\n<\/div>\n\n\n<p><iframe loading=\"lazy\" width=\"560\" height=\"315\" src=\"https:\/\/www.youtube.com\/embed\/-5iM8bIsrb4?si=ZRK1gbyFVHND1JjK\" title=\"YouTube video player\" frameborder=\"0\" allow=\"accelerometer; autoplay; clipboard-write; encrypted-media; gyroscope; picture-in-picture; web-share\" referrerpolicy=\"strict-origin-when-cross-origin\" allowfullscreen><\/iframe><\/p>\n\n\n\n<p><strong>Hiloula juin 2021<\/strong><\/p>\n\n\n<p><iframe loading=\"lazy\" width=\"560\" height=\"315\" src=\"https:\/\/www.youtube.com\/embed\/1IF0nhF754I?si=AiteqBfshc6hO_qa\" title=\"YouTube video player\" frameborder=\"0\" allow=\"accelerometer; autoplay; clipboard-write; encrypted-media; gyroscope; picture-in-picture; web-share\" referrerpolicy=\"strict-origin-when-cross-origin\" allowfullscreen><\/iframe><\/p>\n\n\n\n<p><br>La Hiloula de Rabbi Yehouda BEN ATTAR a \u00e9t\u00e9 possible par vid\u00e9o conf\u00e9rence pendant le confinement covid. Le p\u00e9lerinage des 10 et 11 juin 2020 \u00e0 Fes (Maroc).<\/p>\n\n\n<p><iframe loading=\"lazy\" width=\"560\" height=\"315\" src=\"https:\/\/www.youtube.com\/embed\/OS0M7XX9i4o?si=MFbdHzQubhqY5e6I\" title=\"YouTube video player\" frameborder=\"0\" allow=\"accelerometer; autoplay; clipboard-write; encrypted-media; gyroscope; picture-in-picture; web-share\" referrerpolicy=\"strict-origin-when-cross-origin\" allowfullscreen><\/iframe><\/p>\n\n\n\n<p><br>Hiloula des 21 et 22 juin 2019<\/p>\n\n\n<p><iframe loading=\"lazy\" width=\"560\" height=\"315\" src=\"https:\/\/www.youtube.com\/embed\/XbSqg827Oh4?si=e0xeBU6TAGJFeK3S\" title=\"YouTube video player\" frameborder=\"0\" allow=\"accelerometer; autoplay; clipboard-write; encrypted-media; gyroscope; picture-in-picture; web-share\" referrerpolicy=\"strict-origin-when-cross-origin\" allowfullscreen><\/iframe><\/p>\n\n\n\n<p><br>Hiloula des 1 et 2 juin 2018<\/p>\n\n\n<p><iframe loading=\"lazy\" width=\"560\" height=\"315\" src=\"https:\/\/www.youtube.com\/embed\/ToycMtwvTbo?si=nXZwkcNcBQ_GQyum\" title=\"YouTube video player\" frameborder=\"0\" allow=\"accelerometer; autoplay; clipboard-write; encrypted-media; gyroscope; picture-in-picture; web-share\" referrerpolicy=\"strict-origin-when-cross-origin\" allowfullscreen><\/iframe><\/p>\n\n\n<p><iframe loading=\"lazy\" width=\"560\" height=\"315\" src=\"https:\/\/www.youtube.com\/embed\/tTrMz8Q3oaM?si=PTVYrfNXLQN5STRz\" title=\"YouTube video player\" frameborder=\"0\" allow=\"accelerometer; autoplay; clipboard-write; encrypted-media; gyroscope; picture-in-picture; web-share\" referrerpolicy=\"strict-origin-when-cross-origin\" allowfullscreen><\/iframe><\/p>\n\n\n<p><iframe loading=\"lazy\" width=\"560\" height=\"315\" src=\"https:\/\/www.youtube.com\/embed\/xCfSVnjGj7I?si=F278atlLwzqlqmiG\" title=\"YouTube video player\" frameborder=\"0\" allow=\"accelerometer; autoplay; clipboard-write; encrypted-media; gyroscope; picture-in-picture; web-share\" referrerpolicy=\"strict-origin-when-cross-origin\" allowfullscreen><\/iframe><\/p>\n\n\n<p><iframe loading=\"lazy\" width=\"560\" height=\"315\" src=\"https:\/\/www.youtube.com\/embed\/hNa0ull-8gg?si=Mx1I9t_ja5AbV5qT\" title=\"YouTube video player\" frameborder=\"0\" allow=\"accelerometer; autoplay; clipboard-write; encrypted-media; gyroscope; picture-in-picture; web-share\" referrerpolicy=\"strict-origin-when-cross-origin\" allowfullscreen><\/iframe><\/p>\n\n\n<p><iframe loading=\"lazy\" width=\"560\" height=\"315\" src=\"https:\/\/www.youtube.com\/embed\/3X0NjzfJQP8?si=8hPu60aEiTOFTCsS\" title=\"YouTube video player\" frameborder=\"0\" allow=\"accelerometer; autoplay; clipboard-write; encrypted-media; gyroscope; picture-in-picture; web-share\" referrerpolicy=\"strict-origin-when-cross-origin\" allowfullscreen><\/iframe><\/p>\n","protected":false},"excerpt":{"rendered":"<p>Le terme Hiloula est utilis\u00e9 pour d\u00e9signer le jour anniversaire du d\u00e9c\u00e8s d\u2019un Tsadik (Yartzeit). Ce jour l\u00e0, on se r\u00e9unit pour faire les louanges du Tsadik qui est d\u00e9c\u00e9d\u00e9, en effet, le livre \u00ab Chem Ari\u00e9 \u00bb rapporte que \u00ab Hiloula \u00bb est li\u00e9 au mot \u00ab Hallel \u00bb, qui signifie louange. On rappelle &hellip; <a href=\"https:\/\/cimetiere-israelite-fes.com\/?page_id=36\" class=\"more-link\">Continuer la lecture de <span class=\"screen-reader-text\">Hiloula<\/span><\/a><\/p>\n","protected":false},"author":1,"featured_media":0,"parent":0,"menu_order":0,"comment_status":"closed","ping_status":"closed","template":"","meta":{"footnotes":""},"class_list":["post-36","page","type-page","status-publish","hentry"],"yoast_head":"<!-- This site is optimized with the Yoast SEO plugin v26.3 - https:\/\/yoast.com\/wordpress\/plugins\/seo\/ -->\n<title>Hiloula - Cimeti\u00e8re Isra\u00e9lite de F\u00e8s<\/title>\n<meta name=\"robots\" content=\"index, follow, max-snippet:-1, max-image-preview:large, max-video-preview:-1\" \/>\n<link rel=\"canonical\" href=\"https:\/\/cimetiere-israelite-fes.com\/?page_id=36\" \/>\n<meta property=\"og:locale\" content=\"fr_FR\" \/>\n<meta property=\"og:type\" content=\"article\" \/>\n<meta property=\"og:title\" content=\"Hiloula - Cimeti\u00e8re Isra\u00e9lite de F\u00e8s\" \/>\n<meta property=\"og:description\" content=\"Le terme Hiloula est utilis\u00e9 pour d\u00e9signer le jour anniversaire du d\u00e9c\u00e8s d\u2019un Tsadik (Yartzeit). Ce jour l\u00e0, on se r\u00e9unit pour faire les louanges du Tsadik qui est d\u00e9c\u00e9d\u00e9, en effet, le livre \u00ab Chem Ari\u00e9 \u00bb rapporte que \u00ab Hiloula \u00bb est li\u00e9 au mot \u00ab Hallel \u00bb, qui signifie louange. On rappelle &hellip; Continuer la lecture de Hiloula\" \/>\n<meta property=\"og:url\" content=\"https:\/\/cimetiere-israelite-fes.com\/?page_id=36\" \/>\n<meta property=\"og:site_name\" content=\"Cimeti\u00e8re Isra\u00e9lite de F\u00e8s\" \/>\n<meta property=\"article:modified_time\" content=\"2025-07-18T13:20:39+00:00\" \/>\n<meta name=\"twitter:card\" content=\"summary_large_image\" \/>\n<meta name=\"twitter:label1\" content=\"Dur\u00e9e de lecture estim\u00e9e\" \/>\n\t<meta name=\"twitter:data1\" content=\"1 minute\" \/>\n<script type=\"application\/ld+json\" class=\"yoast-schema-graph\">{\"@context\":\"https:\/\/schema.org\",\"@graph\":[{\"@type\":\"WebPage\",\"@id\":\"https:\/\/cimetiere-israelite-fes.com\/?page_id=36\",\"url\":\"https:\/\/cimetiere-israelite-fes.com\/?page_id=36\",\"name\":\"Hiloula - Cimeti\u00e8re Isra\u00e9lite de F\u00e8s\",\"isPartOf\":{\"@id\":\"https:\/\/cimetiere-israelite-fes.com\/#website\"},\"datePublished\":\"2024-05-16T22:56:58+00:00\",\"dateModified\":\"2025-07-18T13:20:39+00:00\",\"breadcrumb\":{\"@id\":\"https:\/\/cimetiere-israelite-fes.com\/?page_id=36#breadcrumb\"},\"inLanguage\":\"fr-FR\",\"potentialAction\":[{\"@type\":\"ReadAction\",\"target\":[\"https:\/\/cimetiere-israelite-fes.com\/?page_id=36\"]}]},{\"@type\":\"BreadcrumbList\",\"@id\":\"https:\/\/cimetiere-israelite-fes.com\/?page_id=36#breadcrumb\",\"itemListElement\":[{\"@type\":\"ListItem\",\"position\":1,\"name\":\"Accueil\",\"item\":\"https:\/\/cimetiere-israelite-fes.com\/\"},{\"@type\":\"ListItem\",\"position\":2,\"name\":\"Hiloula\"}]},{\"@type\":\"WebSite\",\"@id\":\"https:\/\/cimetiere-israelite-fes.com\/#website\",\"url\":\"https:\/\/cimetiere-israelite-fes.com\/\",\"name\":\"Cimeti\u00e8re Isra\u00e9lite de F\u00e8s\",\"description\":\"\",\"publisher\":{\"@id\":\"https:\/\/cimetiere-israelite-fes.com\/#organization\"},\"potentialAction\":[{\"@type\":\"SearchAction\",\"target\":{\"@type\":\"EntryPoint\",\"urlTemplate\":\"https:\/\/cimetiere-israelite-fes.com\/?s={search_term_string}\"},\"query-input\":{\"@type\":\"PropertyValueSpecification\",\"valueRequired\":true,\"valueName\":\"search_term_string\"}}],\"inLanguage\":\"fr-FR\"},{\"@type\":\"Organization\",\"@id\":\"https:\/\/cimetiere-israelite-fes.com\/#organization\",\"name\":\"Cimeti\u00e8re Isra\u00e9lite de F\u00e8s\",\"url\":\"https:\/\/cimetiere-israelite-fes.com\/\",\"logo\":{\"@type\":\"ImageObject\",\"inLanguage\":\"fr-FR\",\"@id\":\"https:\/\/cimetiere-israelite-fes.com\/#\/schema\/logo\/image\/\",\"url\":\"https:\/\/cimetiere-israelite-fes.com\/wp-content\/uploads\/2024\/07\/photo_cim_2023.jpg\",\"contentUrl\":\"https:\/\/cimetiere-israelite-fes.com\/wp-content\/uploads\/2024\/07\/photo_cim_2023.jpg\",\"width\":1280,\"height\":721,\"caption\":\"Cimeti\u00e8re Isra\u00e9lite de F\u00e8s\"},\"image\":{\"@id\":\"https:\/\/cimetiere-israelite-fes.com\/#\/schema\/logo\/image\/\"}}]}<\/script>\n<!-- \/ Yoast SEO plugin. -->","yoast_head_json":{"title":"Hiloula - Cimeti\u00e8re Isra\u00e9lite de F\u00e8s","robots":{"index":"index","follow":"follow","max-snippet":"max-snippet:-1","max-image-preview":"max-image-preview:large","max-video-preview":"max-video-preview:-1"},"canonical":"https:\/\/cimetiere-israelite-fes.com\/?page_id=36","og_locale":"fr_FR","og_type":"article","og_title":"Hiloula - Cimeti\u00e8re Isra\u00e9lite de F\u00e8s","og_description":"Le terme Hiloula est utilis\u00e9 pour d\u00e9signer le jour anniversaire du d\u00e9c\u00e8s d\u2019un Tsadik (Yartzeit). Ce jour l\u00e0, on se r\u00e9unit pour faire les louanges du Tsadik qui est d\u00e9c\u00e9d\u00e9, en effet, le livre \u00ab Chem Ari\u00e9 \u00bb rapporte que \u00ab Hiloula \u00bb est li\u00e9 au mot \u00ab Hallel \u00bb, qui signifie louange. On rappelle &hellip; Continuer la lecture de Hiloula","og_url":"https:\/\/cimetiere-israelite-fes.com\/?page_id=36","og_site_name":"Cimeti\u00e8re Isra\u00e9lite de F\u00e8s","article_modified_time":"2025-07-18T13:20:39+00:00","twitter_card":"summary_large_image","twitter_misc":{"Dur\u00e9e de lecture estim\u00e9e":"1 minute"},"schema":{"@context":"https:\/\/schema.org","@graph":[{"@type":"WebPage","@id":"https:\/\/cimetiere-israelite-fes.com\/?page_id=36","url":"https:\/\/cimetiere-israelite-fes.com\/?page_id=36","name":"Hiloula - Cimeti\u00e8re Isra\u00e9lite de F\u00e8s","isPartOf":{"@id":"https:\/\/cimetiere-israelite-fes.com\/#website"},"datePublished":"2024-05-16T22:56:58+00:00","dateModified":"2025-07-18T13:20:39+00:00","breadcrumb":{"@id":"https:\/\/cimetiere-israelite-fes.com\/?page_id=36#breadcrumb"},"inLanguage":"fr-FR","potentialAction":[{"@type":"ReadAction","target":["https:\/\/cimetiere-israelite-fes.com\/?page_id=36"]}]},{"@type":"BreadcrumbList","@id":"https:\/\/cimetiere-israelite-fes.com\/?page_id=36#breadcrumb","itemListElement":[{"@type":"ListItem","position":1,"name":"Accueil","item":"https:\/\/cimetiere-israelite-fes.com\/"},{"@type":"ListItem","position":2,"name":"Hiloula"}]},{"@type":"WebSite","@id":"https:\/\/cimetiere-israelite-fes.com\/#website","url":"https:\/\/cimetiere-israelite-fes.com\/","name":"Cimeti\u00e8re Isra\u00e9lite de F\u00e8s","description":"","publisher":{"@id":"https:\/\/cimetiere-israelite-fes.com\/#organization"},"potentialAction":[{"@type":"SearchAction","target":{"@type":"EntryPoint","urlTemplate":"https:\/\/cimetiere-israelite-fes.com\/?s={search_term_string}"},"query-input":{"@type":"PropertyValueSpecification","valueRequired":true,"valueName":"search_term_string"}}],"inLanguage":"fr-FR"},{"@type":"Organization","@id":"https:\/\/cimetiere-israelite-fes.com\/#organization","name":"Cimeti\u00e8re Isra\u00e9lite de F\u00e8s","url":"https:\/\/cimetiere-israelite-fes.com\/","logo":{"@type":"ImageObject","inLanguage":"fr-FR","@id":"https:\/\/cimetiere-israelite-fes.com\/#\/schema\/logo\/image\/","url":"https:\/\/cimetiere-israelite-fes.com\/wp-content\/uploads\/2024\/07\/photo_cim_2023.jpg","contentUrl":"https:\/\/cimetiere-israelite-fes.com\/wp-content\/uploads\/2024\/07\/photo_cim_2023.jpg","width":1280,"height":721,"caption":"Cimeti\u00e8re Isra\u00e9lite de F\u00e8s"},"image":{"@id":"https:\/\/cimetiere-israelite-fes.com\/#\/schema\/logo\/image\/"}}]}},"_links":{"self":[{"href":"https:\/\/cimetiere-israelite-fes.com\/index.php?rest_route=\/wp\/v2\/pages\/36","targetHints":{"allow":["GET"]}}],"collection":[{"href":"https:\/\/cimetiere-israelite-fes.com\/index.php?rest_route=\/wp\/v2\/pages"}],"about":[{"href":"https:\/\/cimetiere-israelite-fes.com\/index.php?rest_route=\/wp\/v2\/types\/page"}],"author":[{"embeddable":true,"href":"https:\/\/cimetiere-israelite-fes.com\/index.php?rest_route=\/wp\/v2\/users\/1"}],"replies":[{"embeddable":true,"href":"https:\/\/cimetiere-israelite-fes.com\/index.php?rest_route=%2Fwp%2Fv2%2Fcomments&post=36"}],"version-history":[{"count":2,"href":"https:\/\/cimetiere-israelite-fes.com\/index.php?rest_route=\/wp\/v2\/pages\/36\/revisions"}],"predecessor-version":[{"id":169,"href":"https:\/\/cimetiere-israelite-fes.com\/index.php?rest_route=\/wp\/v2\/pages\/36\/revisions\/169"}],"wp:attachment":[{"href":"https:\/\/cimetiere-israelite-fes.com\/index.php?rest_route=%2Fwp%2Fv2%2Fmedia&parent=36"}],"curies":[{"name":"wp","href":"https:\/\/api.w.org\/{rel}","templated":true}]}}