{"id":105,"date":"2024-05-17T12:55:49","date_gmt":"2024-05-17T10:55:49","guid":{"rendered":"http:\/\/localhost\/CIM\/?page_id=105"},"modified":"2024-05-17T12:55:49","modified_gmt":"2024-05-17T10:55:49","slug":"recherche-par-nom","status":"publish","type":"page","link":"https:\/\/cimetiere-israelite-fes.com\/?page_id=105","title":{"rendered":"Recherche par nom"},"content":{"rendered":"\n<p>Bonjour,<\/p>\n\n\n\n<p>Pour chercher le carr\u00e9 d\u2019une tombe,<\/p>\n\n\n\n<p>merci de choisir dans le menu \u00ab&nbsp;RECHERCHE PAR NOM&nbsp;\u00bb la page correspondante \u00e0 votre recherche.<\/p>\n\n\n\n<p>Exemple :<\/p>\n\n\n\n<p>Toutes les informations des d\u00e9funts dont le nom de famille commence par la lettre A sont dans la page :<\/p>\n\n\n\n<p>\u00ab&nbsp;NOM commencant par A&nbsp;\u00bb.<\/p>\n\n\n\n<p>Astuce:&nbsp;<br>Il est possible de r\u00e9aliser une recherche avec le pr\u00e9nom suivi du nom<br>ou bien seulement avec le pr\u00e9nom.<\/p>\n\n\n\n<p>Si vous constater des erreurs ou inexactitudes, merci de nous les indiquer \u00e0 l\u2019aide de la page contact.<\/p>\n\n\n\n<p>Merci pour votre aide.<\/p>\n","protected":false},"excerpt":{"rendered":"<p>Bonjour, Pour chercher le carr\u00e9 d\u2019une tombe, merci de choisir dans le menu \u00ab&nbsp;RECHERCHE PAR NOM&nbsp;\u00bb la page correspondante \u00e0 votre recherche. Exemple : Toutes les informations des d\u00e9funts dont le nom de famille commence par la lettre A sont dans la page : \u00ab&nbsp;NOM commencant par A&nbsp;\u00bb. Astuce:&nbsp;Il est possible de r\u00e9aliser une recherche &hellip; <a href=\"https:\/\/cimetiere-israelite-fes.com\/?page_id=105\" class=\"more-link\">Continuer la lecture de <span class=\"screen-reader-text\">Recherche par nom<\/span><\/a><\/p>\n","protected":false},"author":1,"featured_media":0,"parent":0,"menu_order":0,"comment_status":"closed","ping_status":"closed","template":"","meta":{"footnotes":""},"class_list":["post-105","page","type-page","status-publish","hentry"],"yoast_head":"<!-- This site is optimized with the Yoast SEO plugin v26.3 - https:\/\/yoast.com\/wordpress\/plugins\/seo\/ -->\n<title>Recherche par nom - Cimeti\u00e8re Isra\u00e9lite de F\u00e8s<\/title>\n<meta name=\"robots\" content=\"index, follow, max-snippet:-1, max-image-preview:large, max-video-preview:-1\" \/>\n<link rel=\"canonical\" href=\"https:\/\/cimetiere-israelite-fes.com\/?page_id=105\" \/>\n<meta property=\"og:locale\" content=\"fr_FR\" \/>\n<meta property=\"og:type\" content=\"article\" \/>\n<meta property=\"og:title\" content=\"Recherche par nom - Cimeti\u00e8re Isra\u00e9lite de F\u00e8s\" \/>\n<meta property=\"og:description\" content=\"Bonjour, Pour chercher le carr\u00e9 d\u2019une tombe, merci de choisir dans le menu \u00ab&nbsp;RECHERCHE PAR NOM&nbsp;\u00bb la page correspondante \u00e0 votre recherche. Exemple : Toutes les informations des d\u00e9funts dont le nom de famille commence par la lettre A sont dans la page : \u00ab&nbsp;NOM commencant par A&nbsp;\u00bb. Astuce:&nbsp;Il est possible de r\u00e9aliser une recherche &hellip; Continuer la lecture de Recherche par nom\" \/>\n<meta property=\"og:url\" content=\"https:\/\/cimetiere-israelite-fes.com\/?page_id=105\" \/>\n<meta property=\"og:site_name\" content=\"Cimeti\u00e8re Isra\u00e9lite de F\u00e8s\" \/>\n<meta name=\"twitter:card\" content=\"summary_large_image\" \/>\n<script type=\"application\/ld+json\" class=\"yoast-schema-graph\">{\"@context\":\"https:\/\/schema.org\",\"@graph\":[{\"@type\":\"WebPage\",\"@id\":\"https:\/\/cimetiere-israelite-fes.com\/?page_id=105\",\"url\":\"https:\/\/cimetiere-israelite-fes.com\/?page_id=105\",\"name\":\"Recherche par nom - Cimeti\u00e8re Isra\u00e9lite de F\u00e8s\",\"isPartOf\":{\"@id\":\"https:\/\/cimetiere-israelite-fes.com\/#website\"},\"datePublished\":\"2024-05-17T10:55:49+00:00\",\"breadcrumb\":{\"@id\":\"https:\/\/cimetiere-israelite-fes.com\/?page_id=105#breadcrumb\"},\"inLanguage\":\"fr-FR\",\"potentialAction\":[{\"@type\":\"ReadAction\",\"target\":[\"https:\/\/cimetiere-israelite-fes.com\/?page_id=105\"]}]},{\"@type\":\"BreadcrumbList\",\"@id\":\"https:\/\/cimetiere-israelite-fes.com\/?page_id=105#breadcrumb\",\"itemListElement\":[{\"@type\":\"ListItem\",\"position\":1,\"name\":\"Accueil\",\"item\":\"https:\/\/cimetiere-israelite-fes.com\/\"},{\"@type\":\"ListItem\",\"position\":2,\"name\":\"Recherche par nom\"}]},{\"@type\":\"WebSite\",\"@id\":\"https:\/\/cimetiere-israelite-fes.com\/#website\",\"url\":\"https:\/\/cimetiere-israelite-fes.com\/\",\"name\":\"Cimeti\u00e8re Isra\u00e9lite de F\u00e8s\",\"description\":\"\",\"publisher\":{\"@id\":\"https:\/\/cimetiere-israelite-fes.com\/#organization\"},\"potentialAction\":[{\"@type\":\"SearchAction\",\"target\":{\"@type\":\"EntryPoint\",\"urlTemplate\":\"https:\/\/cimetiere-israelite-fes.com\/?s={search_term_string}\"},\"query-input\":{\"@type\":\"PropertyValueSpecification\",\"valueRequired\":true,\"valueName\":\"search_term_string\"}}],\"inLanguage\":\"fr-FR\"},{\"@type\":\"Organization\",\"@id\":\"https:\/\/cimetiere-israelite-fes.com\/#organization\",\"name\":\"Cimeti\u00e8re Isra\u00e9lite de F\u00e8s\",\"url\":\"https:\/\/cimetiere-israelite-fes.com\/\",\"logo\":{\"@type\":\"ImageObject\",\"inLanguage\":\"fr-FR\",\"@id\":\"https:\/\/cimetiere-israelite-fes.com\/#\/schema\/logo\/image\/\",\"url\":\"https:\/\/cimetiere-israelite-fes.com\/wp-content\/uploads\/2024\/07\/photo_cim_2023.jpg\",\"contentUrl\":\"https:\/\/cimetiere-israelite-fes.com\/wp-content\/uploads\/2024\/07\/photo_cim_2023.jpg\",\"width\":1280,\"height\":721,\"caption\":\"Cimeti\u00e8re Isra\u00e9lite de F\u00e8s\"},\"image\":{\"@id\":\"https:\/\/cimetiere-israelite-fes.com\/#\/schema\/logo\/image\/\"}}]}<\/script>\n<!-- \/ Yoast SEO plugin. -->","yoast_head_json":{"title":"Recherche par nom - Cimeti\u00e8re Isra\u00e9lite de F\u00e8s","robots":{"index":"index","follow":"follow","max-snippet":"max-snippet:-1","max-image-preview":"max-image-preview:large","max-video-preview":"max-video-preview:-1"},"canonical":"https:\/\/cimetiere-israelite-fes.com\/?page_id=105","og_locale":"fr_FR","og_type":"article","og_title":"Recherche par nom - Cimeti\u00e8re Isra\u00e9lite de F\u00e8s","og_description":"Bonjour, Pour chercher le carr\u00e9 d\u2019une tombe, merci de choisir dans le menu \u00ab&nbsp;RECHERCHE PAR NOM&nbsp;\u00bb la page correspondante \u00e0 votre recherche. Exemple : Toutes les informations des d\u00e9funts dont le nom de famille commence par la lettre A sont dans la page : \u00ab&nbsp;NOM commencant par A&nbsp;\u00bb. Astuce:&nbsp;Il est possible de r\u00e9aliser une recherche &hellip; Continuer la lecture de Recherche par nom","og_url":"https:\/\/cimetiere-israelite-fes.com\/?page_id=105","og_site_name":"Cimeti\u00e8re Isra\u00e9lite de F\u00e8s","twitter_card":"summary_large_image","schema":{"@context":"https:\/\/schema.org","@graph":[{"@type":"WebPage","@id":"https:\/\/cimetiere-israelite-fes.com\/?page_id=105","url":"https:\/\/cimetiere-israelite-fes.com\/?page_id=105","name":"Recherche par nom - Cimeti\u00e8re Isra\u00e9lite de F\u00e8s","isPartOf":{"@id":"https:\/\/cimetiere-israelite-fes.com\/#website"},"datePublished":"2024-05-17T10:55:49+00:00","breadcrumb":{"@id":"https:\/\/cimetiere-israelite-fes.com\/?page_id=105#breadcrumb"},"inLanguage":"fr-FR","potentialAction":[{"@type":"ReadAction","target":["https:\/\/cimetiere-israelite-fes.com\/?page_id=105"]}]},{"@type":"BreadcrumbList","@id":"https:\/\/cimetiere-israelite-fes.com\/?page_id=105#breadcrumb","itemListElement":[{"@type":"ListItem","position":1,"name":"Accueil","item":"https:\/\/cimetiere-israelite-fes.com\/"},{"@type":"ListItem","position":2,"name":"Recherche par nom"}]},{"@type":"WebSite","@id":"https:\/\/cimetiere-israelite-fes.com\/#website","url":"https:\/\/cimetiere-israelite-fes.com\/","name":"Cimeti\u00e8re Isra\u00e9lite de F\u00e8s","description":"","publisher":{"@id":"https:\/\/cimetiere-israelite-fes.com\/#organization"},"potentialAction":[{"@type":"SearchAction","target":{"@type":"EntryPoint","urlTemplate":"https:\/\/cimetiere-israelite-fes.com\/?s={search_term_string}"},"query-input":{"@type":"PropertyValueSpecification","valueRequired":true,"valueName":"search_term_string"}}],"inLanguage":"fr-FR"},{"@type":"Organization","@id":"https:\/\/cimetiere-israelite-fes.com\/#organization","name":"Cimeti\u00e8re Isra\u00e9lite de F\u00e8s","url":"https:\/\/cimetiere-israelite-fes.com\/","logo":{"@type":"ImageObject","inLanguage":"fr-FR","@id":"https:\/\/cimetiere-israelite-fes.com\/#\/schema\/logo\/image\/","url":"https:\/\/cimetiere-israelite-fes.com\/wp-content\/uploads\/2024\/07\/photo_cim_2023.jpg","contentUrl":"https:\/\/cimetiere-israelite-fes.com\/wp-content\/uploads\/2024\/07\/photo_cim_2023.jpg","width":1280,"height":721,"caption":"Cimeti\u00e8re Isra\u00e9lite de F\u00e8s"},"image":{"@id":"https:\/\/cimetiere-israelite-fes.com\/#\/schema\/logo\/image\/"}}]}},"_links":{"self":[{"href":"https:\/\/cimetiere-israelite-fes.com\/index.php?rest_route=\/wp\/v2\/pages\/105","targetHints":{"allow":["GET"]}}],"collection":[{"href":"https:\/\/cimetiere-israelite-fes.com\/index.php?rest_route=\/wp\/v2\/pages"}],"about":[{"href":"https:\/\/cimetiere-israelite-fes.com\/index.php?rest_route=\/wp\/v2\/types\/page"}],"author":[{"embeddable":true,"href":"https:\/\/cimetiere-israelite-fes.com\/index.php?rest_route=\/wp\/v2\/users\/1"}],"replies":[{"embeddable":true,"href":"https:\/\/cimetiere-israelite-fes.com\/index.php?rest_route=%2Fwp%2Fv2%2Fcomments&post=105"}],"version-history":[{"count":0,"href":"https:\/\/cimetiere-israelite-fes.com\/index.php?rest_route=\/wp\/v2\/pages\/105\/revisions"}],"wp:attachment":[{"href":"https:\/\/cimetiere-israelite-fes.com\/index.php?rest_route=%2Fwp%2Fv2%2Fmedia&parent=105"}],"curies":[{"name":"wp","href":"https:\/\/api.w.org\/{rel}","templated":true}]}}